{"id":187,"date":"2017-01-12T08:58:53","date_gmt":"2017-01-12T08:58:53","guid":{"rendered":"http:\/\/morgenroth.werbeanker.de\/?page_id=58"},"modified":"2019-01-30T07:50:53","modified_gmt":"2019-01-30T06:50:53","slug":"impressum","status":"publish","type":"page","link":"https:\/\/kids.morgenroth.biz\/index.php\/impressum\/","title":{"rendered":"Impressum"},"content":{"rendered":"<p><span style=\"color: #999999;\">morgenroth Kids \u2013&nbsp;&nbsp;Kindermode und Accessoires f\u00fcr gro\u00df und klein<\/span><\/p>\n<p><span style=\"color: #999999;\">Inh.: Heike Morgenroth<\/span><\/p>\n<p><span style=\"color: #999999;\">Friedrich-Wilhelm-Str. 49<\/span><br \/>\n<span style=\"color: #999999;\"> D \u2013 38100 Braunschweig<\/span><\/p>\n<p><span style=\"color: #999999;\">Telefon: 0531 \/ 17319<\/span><br \/>\n<span style=\"color: #999999;\"> Email:&nbsp;heike (at ) morgenroth.biz<\/span><\/p>\n<p><span style=\"color: #808080;\">Umsatzsteuer ID: DE 114 857 276<\/span><\/p>\n<p><span style=\"color: #999999;\">Quelle der Fotos: privat<\/span><\/p>\n<p><span style=\"color: #999999;\">Technische Umsetzung: <a style=\"color: #999999;\" href=\"http:\/\/www.werbeanker.de\" target=\"_blank\" rel=\"noopener noreferrer\">Werbeanker<\/a><\/span><\/p>\n<hr>\n<p><span style=\"color: #999999;\">Online-Streitbeilegung<\/span><\/p>\n<p><span style=\"color: #999999;\">Die Europ\u00e4ische Kommission stellt unter https:\/\/ec.europa.eu\/consumers\/odr\/ eine Plattform zur Online-Streitbeilegung bereit, die Verbraucher f\u00fcr die Beilegung einer Streitigkeit nutzen k\u00f6nnen und auf der weitere Informationen zum Thema Streitschlichtung zu finden sind.<\/span><\/p>\n<p><span style=\"color: #999999;\">Au\u00dfergerichtliche Streitbeilegung<\/span><\/p>\n<p><span style=\"color: #999999;\">Wir sind weder verpflichtet noch dazu bereit, im Falle einer Streitigkeit mit einem Verbraucher an einem Streitbeilegungsverfahren vor einer Verbraucherschlichtungsstelle teilzunehmen.<\/span><\/p>\n<hr>\n<p><span style=\"color: #999999;\">Disclaimer<\/span><\/p>\n<p><span style=\"color: #999999;\">Haftung f\u00fcr Inhalte<\/span><\/p>\n<p><span style=\"color: #999999;\">Als Diensteanbieter sind wir gem\u00e4\u00df \u00a7 7 Abs.1 TMG f\u00fcr eigene Inhalte auf diesen Seiten nach den allgemeinen Gesetzen verantwortlich. Nach \u00a7\u00a7 8 bis 10 TMG sind wir als Diensteanbieter jedoch nicht verpflichtet, \u00fcbermittelte oder gespeicherte fremde Informationen zu \u00fcberwachen oder nach Umst\u00e4nden zu forschen, die auf eine rechtswidrige T\u00e4tigkeit hinweisen.<\/span><\/p>\n<p><span style=\"color: #999999;\">Verpflichtungen zur Entfernung oder Sperrung der Nutzung von Informationen nach den allgemeinen Gesetzen bleiben hiervon unber\u00fchrt. Eine diesbez\u00fcgliche Haftung ist jedoch erst ab dem Zeitpunkt der Kenntnis einer konkreten Rechtsverletzung m\u00f6glich. Bei Bekanntwerden von entsprechenden Rechtsverletzungen werden wir diese Inhalte umgehend entfernen.<\/span><\/p>\n<p><span style=\"color: #999999;\">Haftung f\u00fcr Links<\/span><\/p>\n<p><span style=\"color: #999999;\">Unser Angebot enth\u00e4lt Links zu externen Webseiten Dritter, auf deren Inhalte wir keinen Einfluss haben. Deshalb k\u00f6nnen wir f\u00fcr diese fremden Inhalte auch keine Gew\u00e4hr \u00fcbernehmen. F\u00fcr die Inhalte der verlinkten Seiten ist stets der jeweilige Anbieter oder Betreiber der Seiten verantwortlich. Die verlinkten Seiten wurden zum Zeitpunkt der Verlinkung auf m\u00f6gliche Rechtsverst\u00f6\u00dfe \u00fcberpr\u00fcft. Rechtswidrige Inhalte waren zum Zeitpunkt der Verlinkung nicht erkennbar.<\/span><\/p>\n<p><span style=\"color: #999999;\">Eine permanente inhaltliche Kontrolle der verlinkten Seiten ist jedoch ohne konkrete Anhaltspunkte einer Rechtsverletzung nicht zumutbar. Bei Bekanntwerden von Rechtsverletzungen werden wir derartige Links umgehend entfernen.<\/span><\/p>\n<p><span style=\"color: #999999;\">Urheberrecht<\/span><\/p>\n<p><span style=\"color: #999999;\">Die durch die Seitenbetreiber erstellten Inhalte und Werke auf diesen Seiten unterliegen dem deutschen Urheberrecht. Die Vervielf\u00e4ltigung, Bearbeitung, Verbreitung und jede Art der Verwertung au\u00dferhalb der Grenzen des Urheberrechtes bed\u00fcrfen der schriftlichen Zustimmung des jeweiligen Autors bzw. Erstellers. Downloads und Kopien dieser Seite sind nur f\u00fcr den privaten, nicht kommerziellen Gebrauch gestattet.<\/span><\/p>\n<p><span style=\"color: #999999;\">Soweit die Inhalte auf dieser Seite nicht vom Betreiber erstellt wurden, werden die Urheberrechte Dritter beachtet. Insbesondere werden Inhalte Dritter als solche gekennzeichnet. Sollten Sie trotzdem auf eine Urheberrechtsverletzung aufmerksam werden, bitten wir um einen entsprechenden Hinweis. Bei Bekanntwerden von Rechtsverletzungen werden wir derartige Inhalte umgehend entfernen.<\/span><\/p>\n<p><span style=\"color: #999999;\"><i>Quellverweis:&nbsp;<a style=\"color: #999999;\" href=\"https:\/\/www.e-recht24.de\/\">https:\/\/www.e-recht24.de<\/a><\/i><\/span><\/p>\n","protected":false},"excerpt":{"rendered":"<p>morgenroth Kids \u2013&nbsp;&nbsp;Kindermode und Accessoires f\u00fcr gro\u00df und klein Inh.: Heike Morgenroth Friedrich-Wilhelm-Str. 49 D \u2013 38100 Braunschweig Telefon: 0531 \/ 17319 Email:&nbsp;heike (at ) morgenroth.biz Umsatzsteuer ID: DE 114&hellip; <a class=\"excerpt-more-link\" href=\"https:\/\/kids.morgenroth.biz\/index.php\/impressum\/\">Weiterlesen<\/a><\/p>\n","protected":false},"author":3,"featured_media":0,"parent":0,"menu_order":0,"comment_status":"closed","ping_status":"closed","template":"page-templates\/full-width.php","meta":{"ngg_post_thumbnail":0},"yoast_head":"<!-- This site is optimized with the Yoast SEO plugin v19.13 - https:\/\/yoast.com\/wordpress\/plugins\/seo\/ -->\n<title>Impressum &raquo; morgenroth Kids<\/title>\n<meta name=\"robots\" content=\"index, follow, max-snippet:-1, max-image-preview:large, max-video-preview:-1\" \/>\n<link rel=\"canonical\" href=\"https:\/\/kids.morgenroth.biz\/index.php\/impressum\/\" \/>\n<meta property=\"og:locale\" content=\"de_DE\" \/>\n<meta property=\"og:type\" content=\"article\" \/>\n<meta property=\"og:title\" content=\"Impressum &raquo; morgenroth Kids\" \/>\n<meta property=\"og:description\" content=\"morgenroth Kids \u2013&nbsp;&nbsp;Kindermode und Accessoires f\u00fcr gro\u00df und klein Inh.: Heike Morgenroth Friedrich-Wilhelm-Str. 49 D \u2013 38100 Braunschweig Telefon: 0531 \/ 17319 Email:&nbsp;heike (at ) morgenroth.biz Umsatzsteuer ID: DE 114&hellip; Weiterlesen\" \/>\n<meta property=\"og:url\" content=\"https:\/\/kids.morgenroth.biz\/index.php\/impressum\/\" \/>\n<meta property=\"og:site_name\" content=\"morgenroth Kids\" \/>\n<meta property=\"article:publisher\" content=\"https:\/\/www.facebook.com\/morgenroth.kids\/?fref=ts\" \/>\n<meta property=\"article:modified_time\" content=\"2019-01-30T06:50:53+00:00\" \/>\n<meta name=\"twitter:card\" content=\"summary_large_image\" \/>\n<meta name=\"twitter:label1\" content=\"Est. reading time\" \/>\n\t<meta name=\"twitter:data1\" content=\"2 minutes\" \/>\n<script type=\"application\/ld+json\" class=\"yoast-schema-graph\">{\"@context\":\"https:\/\/schema.org\",\"@graph\":[{\"@type\":\"WebPage\",\"@id\":\"https:\/\/kids.morgenroth.biz\/index.php\/impressum\/\",\"url\":\"https:\/\/kids.morgenroth.biz\/index.php\/impressum\/\",\"name\":\"Impressum &raquo; morgenroth Kids\",\"isPartOf\":{\"@id\":\"https:\/\/kids.morgenroth.biz\/#website\"},\"datePublished\":\"2017-01-12T08:58:53+00:00\",\"dateModified\":\"2019-01-30T06:50:53+00:00\",\"breadcrumb\":{\"@id\":\"https:\/\/kids.morgenroth.biz\/index.php\/impressum\/#breadcrumb\"},\"inLanguage\":\"de-DE\",\"potentialAction\":[{\"@type\":\"ReadAction\",\"target\":[\"https:\/\/kids.morgenroth.biz\/index.php\/impressum\/\"]}]},{\"@type\":\"BreadcrumbList\",\"@id\":\"https:\/\/kids.morgenroth.biz\/index.php\/impressum\/#breadcrumb\",\"itemListElement\":[{\"@type\":\"ListItem\",\"position\":1,\"name\":\"Startseite\",\"item\":\"https:\/\/kids.morgenroth.biz\/\"},{\"@type\":\"ListItem\",\"position\":2,\"name\":\"Impressum\"}]},{\"@type\":\"WebSite\",\"@id\":\"https:\/\/kids.morgenroth.biz\/#website\",\"url\":\"https:\/\/kids.morgenroth.biz\/\",\"name\":\"morgenroth Kids\",\"description\":\"Baby- und Kinderbekleidung\",\"publisher\":{\"@id\":\"https:\/\/kids.morgenroth.biz\/#organization\"},\"potentialAction\":[{\"@type\":\"SearchAction\",\"target\":{\"@type\":\"EntryPoint\",\"urlTemplate\":\"https:\/\/kids.morgenroth.biz\/?s={search_term_string}\"},\"query-input\":\"required name=search_term_string\"}],\"inLanguage\":\"de-DE\"},{\"@type\":\"Organization\",\"@id\":\"https:\/\/kids.morgenroth.biz\/#organization\",\"name\":\"morgenroth Kids\",\"url\":\"https:\/\/kids.morgenroth.biz\/\",\"logo\":{\"@type\":\"ImageObject\",\"inLanguage\":\"de-DE\",\"@id\":\"https:\/\/kids.morgenroth.biz\/#\/schema\/logo\/image\/\",\"url\":\"https:\/\/kids.morgenroth.biz\/wp-content\/uploads\/2017\/01\/cropped-Logo_muster.png\",\"contentUrl\":\"https:\/\/kids.morgenroth.biz\/wp-content\/uploads\/2017\/01\/cropped-Logo_muster.png\",\"width\":512,\"height\":512,\"caption\":\"morgenroth Kids\"},\"image\":{\"@id\":\"https:\/\/kids.morgenroth.biz\/#\/schema\/logo\/image\/\"},\"sameAs\":[\"https:\/\/www.instagram.com\/morgenroth_kids\/\",\"https:\/\/www.facebook.com\/morgenroth.kids\/?fref=ts\"]}]}<\/script>\n<!-- \/ Yoast SEO plugin. -->","yoast_head_json":{"title":"Impressum &raquo; morgenroth Kids","robots":{"index":"index","follow":"follow","max-snippet":"max-snippet:-1","max-image-preview":"max-image-preview:large","max-video-preview":"max-video-preview:-1"},"canonical":"https:\/\/kids.morgenroth.biz\/index.php\/impressum\/","og_locale":"de_DE","og_type":"article","og_title":"Impressum &raquo; morgenroth Kids","og_description":"morgenroth Kids \u2013&nbsp;&nbsp;Kindermode und Accessoires f\u00fcr gro\u00df und klein Inh.: Heike Morgenroth Friedrich-Wilhelm-Str. 49 D \u2013 38100 Braunschweig Telefon: 0531 \/ 17319 Email:&nbsp;heike (at ) morgenroth.biz Umsatzsteuer ID: DE 114&hellip; Weiterlesen","og_url":"https:\/\/kids.morgenroth.biz\/index.php\/impressum\/","og_site_name":"morgenroth Kids","article_publisher":"https:\/\/www.facebook.com\/morgenroth.kids\/?fref=ts","article_modified_time":"2019-01-30T06:50:53+00:00","twitter_card":"summary_large_image","twitter_misc":{"Est. reading time":"2 minutes"},"schema":{"@context":"https:\/\/schema.org","@graph":[{"@type":"WebPage","@id":"https:\/\/kids.morgenroth.biz\/index.php\/impressum\/","url":"https:\/\/kids.morgenroth.biz\/index.php\/impressum\/","name":"Impressum &raquo; morgenroth Kids","isPartOf":{"@id":"https:\/\/kids.morgenroth.biz\/#website"},"datePublished":"2017-01-12T08:58:53+00:00","dateModified":"2019-01-30T06:50:53+00:00","breadcrumb":{"@id":"https:\/\/kids.morgenroth.biz\/index.php\/impressum\/#breadcrumb"},"inLanguage":"de-DE","potentialAction":[{"@type":"ReadAction","target":["https:\/\/kids.morgenroth.biz\/index.php\/impressum\/"]}]},{"@type":"BreadcrumbList","@id":"https:\/\/kids.morgenroth.biz\/index.php\/impressum\/#breadcrumb","itemListElement":[{"@type":"ListItem","position":1,"name":"Startseite","item":"https:\/\/kids.morgenroth.biz\/"},{"@type":"ListItem","position":2,"name":"Impressum"}]},{"@type":"WebSite","@id":"https:\/\/kids.morgenroth.biz\/#website","url":"https:\/\/kids.morgenroth.biz\/","name":"morgenroth Kids","description":"Baby- und Kinderbekleidung","publisher":{"@id":"https:\/\/kids.morgenroth.biz\/#organization"},"potentialAction":[{"@type":"SearchAction","target":{"@type":"EntryPoint","urlTemplate":"https:\/\/kids.morgenroth.biz\/?s={search_term_string}"},"query-input":"required name=search_term_string"}],"inLanguage":"de-DE"},{"@type":"Organization","@id":"https:\/\/kids.morgenroth.biz\/#organization","name":"morgenroth Kids","url":"https:\/\/kids.morgenroth.biz\/","logo":{"@type":"ImageObject","inLanguage":"de-DE","@id":"https:\/\/kids.morgenroth.biz\/#\/schema\/logo\/image\/","url":"https:\/\/kids.morgenroth.biz\/wp-content\/uploads\/2017\/01\/cropped-Logo_muster.png","contentUrl":"https:\/\/kids.morgenroth.biz\/wp-content\/uploads\/2017\/01\/cropped-Logo_muster.png","width":512,"height":512,"caption":"morgenroth Kids"},"image":{"@id":"https:\/\/kids.morgenroth.biz\/#\/schema\/logo\/image\/"},"sameAs":["https:\/\/www.instagram.com\/morgenroth_kids\/","https:\/\/www.facebook.com\/morgenroth.kids\/?fref=ts"]}]}},"_links":{"self":[{"href":"https:\/\/kids.morgenroth.biz\/index.php\/wp-json\/wp\/v2\/pages\/187"}],"collection":[{"href":"https:\/\/kids.morgenroth.biz\/index.php\/wp-json\/wp\/v2\/pages"}],"about":[{"href":"https:\/\/kids.morgenroth.biz\/index.php\/wp-json\/wp\/v2\/types\/page"}],"author":[{"embeddable":true,"href":"https:\/\/kids.morgenroth.biz\/index.php\/wp-json\/wp\/v2\/users\/3"}],"replies":[{"embeddable":true,"href":"https:\/\/kids.morgenroth.biz\/index.php\/wp-json\/wp\/v2\/comments?post=187"}],"version-history":[{"count":5,"href":"https:\/\/kids.morgenroth.biz\/index.php\/wp-json\/wp\/v2\/pages\/187\/revisions"}],"predecessor-version":[{"id":347,"href":"https:\/\/kids.morgenroth.biz\/index.php\/wp-json\/wp\/v2\/pages\/187\/revisions\/347"}],"wp:attachment":[{"href":"https:\/\/kids.morgenroth.biz\/index.php\/wp-json\/wp\/v2\/media?parent=187"}],"curies":[{"name":"wp","href":"https:\/\/api.w.org\/{rel}","templated":true}]}}