{"id":15,"date":"2016-12-12T16:09:33","date_gmt":"2016-12-12T16:09:33","guid":{"rendered":"http:\/\/morgenroth.werbeanker.de\/?page_id=15"},"modified":"2017-05-02T11:21:13","modified_gmt":"2017-05-02T09:21:13","slug":"ueber-uns","status":"publish","type":"page","link":"https:\/\/kids.morgenroth.biz\/index.php\/ueber-uns\/","title":{"rendered":"\u00fcber uns"},"content":{"rendered":"<h3>Ihre Kinder sind etwas ganz Besonderes!<\/h3>\n<p>Dieses Besondere m\u00f6chten wir gern unterstreichen mit&nbsp; liebevoll ausgesuchter Kindermode und Accessoires .<\/p>\n<p>Bei der Auswahl lassen wir uns leiten von sch\u00f6nen Farben, guten Materialien, interessanten Schnitten, hohem Tragekomfort, Alltagstauglichkeit und kindgerechtem Design. Auch die Kombinierbarkeit&nbsp; der einzelnen Kollektionen ist uns wichtig. Da Nachhaltigkeit in unserer Zeit immer mehr an Bedeutung gewinnt, flie\u00dft auch diese \u00dcberlegung in unseren Einkauf &nbsp;mit ein.<\/p>\n<p>Sie finden bei uns zur Zeit&nbsp; viele skandinavische Labels da wir unseren pers\u00f6nlichen Stil dort oft wiederfinden.<\/p>\n<p>Wir freuen uns immer wieder Neues&nbsp; zu&nbsp; entdecken und f\u00fcr Sie mitzubringen, gern auch Sch\u00f6nes aus den Bereichen&nbsp; Karten und &nbsp;Dekoration.<\/p>\n<p>Eine gro\u00dfe St\u00e4rke ist unsere Beratung. Gern geben wir unsere Kenntnisse \u00fcber Schnitte und Gr\u00f6\u00dfenausfall oder Eigenschaften der Materialien der einzelnen Hersteller&nbsp; an Sie weiter.<\/p>\n<p>Unsere kleine gesch\u00fctzte Spielecke l\u00e4dt Ihre Kinder zum Verweilen ein und bietet Ihnen Freiraum zum st\u00f6bern.<\/p>\n<p>Kommen Sie vorbei, vielleicht finden auch Sie Ihr ganz besonderes St\u00fcck.<\/p>\n<p><strong>&nbsp;<img loading=\"lazy\" class=\"alignnone wp-image-51 \" src=\"http:\/\/heike.morgenroth.biz\/wp-content\/uploads\/2017\/01\/cropped-Logo_muster-150x150.png\" width=\"92\" height=\"92\" srcset=\"https:\/\/kids.morgenroth.biz\/wp-content\/uploads\/2017\/01\/cropped-Logo_muster-150x150.png 150w, https:\/\/kids.morgenroth.biz\/wp-content\/uploads\/2017\/01\/cropped-Logo_muster-300x300.png 300w, https:\/\/kids.morgenroth.biz\/wp-content\/uploads\/2017\/01\/cropped-Logo_muster.png 512w\" sizes=\"(max-width: 92px) 100vw, 92px\" \/>&nbsp;Wir freuen uns auf Ihren Besuch.&nbsp;<\/strong><\/p>\n","protected":false},"excerpt":{"rendered":"<p>Ihre Kinder sind etwas ganz Besonderes! Dieses Besondere m\u00f6chten wir gern unterstreichen mit&nbsp; liebevoll ausgesuchter Kindermode und Accessoires . Bei der Auswahl lassen wir uns leiten von sch\u00f6nen Farben, guten&hellip; <a class=\"excerpt-more-link\" href=\"https:\/\/kids.morgenroth.biz\/index.php\/ueber-uns\/\">Weiterlesen<\/a><\/p>\n","protected":false},"author":3,"featured_media":0,"parent":0,"menu_order":0,"comment_status":"closed","ping_status":"closed","template":"page-templates\/no-sidebar.php","meta":{"ngg_post_thumbnail":0},"yoast_head":"<!-- This site is optimized with the Yoast SEO plugin v19.13 - https:\/\/yoast.com\/wordpress\/plugins\/seo\/ -->\n<title>\u00fcber uns &raquo; morgenroth Kids<\/title>\n<meta name=\"robots\" content=\"index, follow, max-snippet:-1, max-image-preview:large, max-video-preview:-1\" \/>\n<link rel=\"canonical\" href=\"https:\/\/kids.morgenroth.biz\/index.php\/ueber-uns\/\" \/>\n<meta property=\"og:locale\" content=\"de_DE\" \/>\n<meta property=\"og:type\" content=\"article\" \/>\n<meta property=\"og:title\" content=\"\u00fcber uns &raquo; morgenroth Kids\" \/>\n<meta property=\"og:description\" content=\"Ihre Kinder sind etwas ganz Besonderes! Dieses Besondere m\u00f6chten wir gern unterstreichen mit&nbsp; liebevoll ausgesuchter Kindermode und Accessoires . Bei der Auswahl lassen wir uns leiten von sch\u00f6nen Farben, guten&hellip; Weiterlesen\" \/>\n<meta property=\"og:url\" content=\"https:\/\/kids.morgenroth.biz\/index.php\/ueber-uns\/\" \/>\n<meta property=\"og:site_name\" content=\"morgenroth Kids\" \/>\n<meta property=\"article:publisher\" content=\"https:\/\/www.facebook.com\/morgenroth.kids\/?fref=ts\" \/>\n<meta property=\"article:modified_time\" content=\"2017-05-02T09:21:13+00:00\" \/>\n<meta property=\"og:image\" content=\"http:\/\/heike.morgenroth.biz\/wp-content\/uploads\/2017\/01\/cropped-Logo_muster-150x150.png\" \/>\n<meta name=\"twitter:card\" content=\"summary_large_image\" \/>\n<meta name=\"twitter:label1\" content=\"Est. reading time\" \/>\n\t<meta name=\"twitter:data1\" content=\"1 minute\" \/>\n<script type=\"application\/ld+json\" class=\"yoast-schema-graph\">{\"@context\":\"https:\/\/schema.org\",\"@graph\":[{\"@type\":\"WebPage\",\"@id\":\"https:\/\/kids.morgenroth.biz\/index.php\/ueber-uns\/\",\"url\":\"https:\/\/kids.morgenroth.biz\/index.php\/ueber-uns\/\",\"name\":\"\u00fcber uns &raquo; morgenroth Kids\",\"isPartOf\":{\"@id\":\"https:\/\/kids.morgenroth.biz\/#website\"},\"datePublished\":\"2016-12-12T16:09:33+00:00\",\"dateModified\":\"2017-05-02T09:21:13+00:00\",\"breadcrumb\":{\"@id\":\"https:\/\/kids.morgenroth.biz\/index.php\/ueber-uns\/#breadcrumb\"},\"inLanguage\":\"de-DE\",\"potentialAction\":[{\"@type\":\"ReadAction\",\"target\":[\"https:\/\/kids.morgenroth.biz\/index.php\/ueber-uns\/\"]}]},{\"@type\":\"BreadcrumbList\",\"@id\":\"https:\/\/kids.morgenroth.biz\/index.php\/ueber-uns\/#breadcrumb\",\"itemListElement\":[{\"@type\":\"ListItem\",\"position\":1,\"name\":\"Startseite\",\"item\":\"https:\/\/kids.morgenroth.biz\/\"},{\"@type\":\"ListItem\",\"position\":2,\"name\":\"\u00fcber uns\"}]},{\"@type\":\"WebSite\",\"@id\":\"https:\/\/kids.morgenroth.biz\/#website\",\"url\":\"https:\/\/kids.morgenroth.biz\/\",\"name\":\"morgenroth Kids\",\"description\":\"Baby- und Kinderbekleidung\",\"publisher\":{\"@id\":\"https:\/\/kids.morgenroth.biz\/#organization\"},\"potentialAction\":[{\"@type\":\"SearchAction\",\"target\":{\"@type\":\"EntryPoint\",\"urlTemplate\":\"https:\/\/kids.morgenroth.biz\/?s={search_term_string}\"},\"query-input\":\"required name=search_term_string\"}],\"inLanguage\":\"de-DE\"},{\"@type\":\"Organization\",\"@id\":\"https:\/\/kids.morgenroth.biz\/#organization\",\"name\":\"morgenroth Kids\",\"url\":\"https:\/\/kids.morgenroth.biz\/\",\"logo\":{\"@type\":\"ImageObject\",\"inLanguage\":\"de-DE\",\"@id\":\"https:\/\/kids.morgenroth.biz\/#\/schema\/logo\/image\/\",\"url\":\"https:\/\/kids.morgenroth.biz\/wp-content\/uploads\/2017\/01\/cropped-Logo_muster.png\",\"contentUrl\":\"https:\/\/kids.morgenroth.biz\/wp-content\/uploads\/2017\/01\/cropped-Logo_muster.png\",\"width\":512,\"height\":512,\"caption\":\"morgenroth Kids\"},\"image\":{\"@id\":\"https:\/\/kids.morgenroth.biz\/#\/schema\/logo\/image\/\"},\"sameAs\":[\"https:\/\/www.instagram.com\/morgenroth_kids\/\",\"https:\/\/www.facebook.com\/morgenroth.kids\/?fref=ts\"]}]}<\/script>\n<!-- \/ Yoast SEO plugin. -->","yoast_head_json":{"title":"\u00fcber uns &raquo; morgenroth Kids","robots":{"index":"index","follow":"follow","max-snippet":"max-snippet:-1","max-image-preview":"max-image-preview:large","max-video-preview":"max-video-preview:-1"},"canonical":"https:\/\/kids.morgenroth.biz\/index.php\/ueber-uns\/","og_locale":"de_DE","og_type":"article","og_title":"\u00fcber uns &raquo; morgenroth Kids","og_description":"Ihre Kinder sind etwas ganz Besonderes! Dieses Besondere m\u00f6chten wir gern unterstreichen mit&nbsp; liebevoll ausgesuchter Kindermode und Accessoires . Bei der Auswahl lassen wir uns leiten von sch\u00f6nen Farben, guten&hellip; Weiterlesen","og_url":"https:\/\/kids.morgenroth.biz\/index.php\/ueber-uns\/","og_site_name":"morgenroth Kids","article_publisher":"https:\/\/www.facebook.com\/morgenroth.kids\/?fref=ts","article_modified_time":"2017-05-02T09:21:13+00:00","og_image":[{"url":"http:\/\/heike.morgenroth.biz\/wp-content\/uploads\/2017\/01\/cropped-Logo_muster-150x150.png"}],"twitter_card":"summary_large_image","twitter_misc":{"Est. reading time":"1 minute"},"schema":{"@context":"https:\/\/schema.org","@graph":[{"@type":"WebPage","@id":"https:\/\/kids.morgenroth.biz\/index.php\/ueber-uns\/","url":"https:\/\/kids.morgenroth.biz\/index.php\/ueber-uns\/","name":"\u00fcber uns &raquo; morgenroth Kids","isPartOf":{"@id":"https:\/\/kids.morgenroth.biz\/#website"},"datePublished":"2016-12-12T16:09:33+00:00","dateModified":"2017-05-02T09:21:13+00:00","breadcrumb":{"@id":"https:\/\/kids.morgenroth.biz\/index.php\/ueber-uns\/#breadcrumb"},"inLanguage":"de-DE","potentialAction":[{"@type":"ReadAction","target":["https:\/\/kids.morgenroth.biz\/index.php\/ueber-uns\/"]}]},{"@type":"BreadcrumbList","@id":"https:\/\/kids.morgenroth.biz\/index.php\/ueber-uns\/#breadcrumb","itemListElement":[{"@type":"ListItem","position":1,"name":"Startseite","item":"https:\/\/kids.morgenroth.biz\/"},{"@type":"ListItem","position":2,"name":"\u00fcber uns"}]},{"@type":"WebSite","@id":"https:\/\/kids.morgenroth.biz\/#website","url":"https:\/\/kids.morgenroth.biz\/","name":"morgenroth Kids","description":"Baby- und Kinderbekleidung","publisher":{"@id":"https:\/\/kids.morgenroth.biz\/#organization"},"potentialAction":[{"@type":"SearchAction","target":{"@type":"EntryPoint","urlTemplate":"https:\/\/kids.morgenroth.biz\/?s={search_term_string}"},"query-input":"required name=search_term_string"}],"inLanguage":"de-DE"},{"@type":"Organization","@id":"https:\/\/kids.morgenroth.biz\/#organization","name":"morgenroth Kids","url":"https:\/\/kids.morgenroth.biz\/","logo":{"@type":"ImageObject","inLanguage":"de-DE","@id":"https:\/\/kids.morgenroth.biz\/#\/schema\/logo\/image\/","url":"https:\/\/kids.morgenroth.biz\/wp-content\/uploads\/2017\/01\/cropped-Logo_muster.png","contentUrl":"https:\/\/kids.morgenroth.biz\/wp-content\/uploads\/2017\/01\/cropped-Logo_muster.png","width":512,"height":512,"caption":"morgenroth Kids"},"image":{"@id":"https:\/\/kids.morgenroth.biz\/#\/schema\/logo\/image\/"},"sameAs":["https:\/\/www.instagram.com\/morgenroth_kids\/","https:\/\/www.facebook.com\/morgenroth.kids\/?fref=ts"]}]}},"_links":{"self":[{"href":"https:\/\/kids.morgenroth.biz\/index.php\/wp-json\/wp\/v2\/pages\/15"}],"collection":[{"href":"https:\/\/kids.morgenroth.biz\/index.php\/wp-json\/wp\/v2\/pages"}],"about":[{"href":"https:\/\/kids.morgenroth.biz\/index.php\/wp-json\/wp\/v2\/types\/page"}],"author":[{"embeddable":true,"href":"https:\/\/kids.morgenroth.biz\/index.php\/wp-json\/wp\/v2\/users\/3"}],"replies":[{"embeddable":true,"href":"https:\/\/kids.morgenroth.biz\/index.php\/wp-json\/wp\/v2\/comments?post=15"}],"version-history":[{"count":2,"href":"https:\/\/kids.morgenroth.biz\/index.php\/wp-json\/wp\/v2\/pages\/15\/revisions"}],"predecessor-version":[{"id":229,"href":"https:\/\/kids.morgenroth.biz\/index.php\/wp-json\/wp\/v2\/pages\/15\/revisions\/229"}],"wp:attachment":[{"href":"https:\/\/kids.morgenroth.biz\/index.php\/wp-json\/wp\/v2\/media?parent=15"}],"curies":[{"name":"wp","href":"https:\/\/api.w.org\/{rel}","templated":true}]}}